{"id":555,"date":"2020-09-24T13:23:29","date_gmt":"2020-09-24T13:23:29","guid":{"rendered":"https:\/\/bslthemes.com\/arter-demo\/?page_id=66"},"modified":"2023-10-21T20:37:43","modified_gmt":"2023-10-21T18:37:43","slug":"history","status":"publish","type":"page","link":"https:\/\/heur.fr\/index.php\/history\/","title":{"rendered":"History"},"content":{"rendered":"\t\t<div data-elementor-type=\"wp-page\" data-elementor-id=\"555\" class=\"elementor elementor-555\" data-elementor-settings=\"[]\">\n\t\t\t\t\t\t<div class=\"elementor-inner\">\n\t\t\t\t\t\t\t<div class=\"elementor-section-wrap\">\n\t\t\t\t\t\t\t<section class=\"elementor-section elementor-top-section elementor-element elementor-element-4b63ded elementor-section-full_width elementor-section-height-default elementor-section-height-default\" data-id=\"4b63ded\" data-element_type=\"section\">\n\t\t\t\t\t\t<div class=\"elementor-container elementor-column-gap-extended\">\n\t\t\t\t\t\t\t<div class=\"elementor-row\">\n\t\t\t\t\t<div class=\"elementor-column elementor-col-100 elementor-top-column elementor-element elementor-element-011cd33\" data-id=\"011cd33\" data-element_type=\"column\">\n\t\t\t<div class=\"elementor-column-wrap elementor-element-populated\">\n\t\t\t\t\t\t\t<div class=\"elementor-widget-wrap\">\n\t\t\t\t\t\t<div class=\"elementor-element elementor-element-a8e28e0 elementor-widget elementor-widget-arter-resume\" data-id=\"a8e28e0\" data-element_type=\"widget\" data-widget_type=\"arter-resume.default\">\n\t\t\t\t<div class=\"elementor-widget-container\">\n\t\t\t\n\t\t\t    <!-- section title -->\n\t    <div class=\"art-section-title\">\n\t      <!-- title frame -->\n\t      <div class=\"art-title-frame\">\n\t        <!-- title -->\n\t        <h4 class=\"art-title-h\">\n\t    \t<span >\n\t          \tEducation\t         <\/span>\n\t    \t<\/h4>\n\t      <\/div>\n\t      <!-- title frame end -->\n\t    <\/div>\n\t    <!-- section title end -->\n\t  \t\n        <!-- timeline -->\n        <div class=\"art-timeline art-gallery\">\n                              <div class=\"art-timeline-item\">\n            <div class=\"art-timeline-mark-light\"><\/div>\n            <div class=\"art-timeline-mark\"><\/div>\n\n            <div class=\"art-a art-timeline-content\">\n              <div class=\"art-card-header\">\n                <div class=\"art-left-side\">\n                                    <h5>\n                  \t<span >\n\t\t        \t\tENJMIN Ecole Nationale des Jeux et M\u00e9dias Interactifs\t\t        \t<\/span>\n                  <\/h5>\n                                                      <div class=\"art-el-suptitle mb-15\">\n                  \t<span >\n\t\t        \t\tAngoul\u00eame (16)\t\t        \t<\/span>\n                  <\/div>\n                                  <\/div>\n                <div class=\"art-right-side\">\n                                    <span class=\"art-date\">\n                  \t<span >\n\t\t        \t\tsep 2019 - apr 2021\t\t        \t<\/span>\n                  <\/span>\n                                  <\/div>\n              <\/div>\n                            <div class=\"art-el-description\">\n              \t<div >\n\t        \t\t<p>Master JMIN in Game Design<\/p>\t        \t<\/div>\n\t          <\/div>\n                                        <\/div>\n\n                      <\/div>\n                    <div class=\"art-timeline-item\">\n            <div class=\"art-timeline-mark-light\"><\/div>\n            <div class=\"art-timeline-mark\"><\/div>\n\n            <div class=\"art-a art-timeline-content\">\n              <div class=\"art-card-header\">\n                <div class=\"art-left-side\">\n                                    <h5>\n                  \t<span >\n\t\t        \t\tUniversit\u00e9 Paris VI - Pierre-Et-Marie Curie\t\t        \t<\/span>\n                  <\/h5>\n                                                      <div class=\"art-el-suptitle mb-15\">\n                  \t<span >\n\t\t        \t\tParis (75)\t\t        \t<\/span>\n                  <\/div>\n                                  <\/div>\n                <div class=\"art-right-side\">\n                                    <span class=\"art-date\">\n                  \t<span >\n\t\t        \t\tsep 2015 - jun 2016\t\t        \t<\/span>\n                  <\/span>\n                                  <\/div>\n              <\/div>\n                            <div class=\"art-el-description\">\n              \t<div >\n\t        \t\t<p>M1 ANDROIDE Agents Distribu\u00e9s, Robotique, Recherche Op\u00e9rationnelle, Interaction, D\u00e9cision<\/p>\t        \t<\/div>\n\t          <\/div>\n                                        <\/div>\n\n                      <\/div>\n                    <div class=\"art-timeline-item\">\n            <div class=\"art-timeline-mark-light\"><\/div>\n            <div class=\"art-timeline-mark\"><\/div>\n\n            <div class=\"art-a art-timeline-content\">\n              <div class=\"art-card-header\">\n                <div class=\"art-left-side\">\n                                    <h5>\n                  \t<span >\n\t\t        \t\tUniversit\u00e9 Paris VI - Pierre-Et-Marie Curie\t\t        \t<\/span>\n                  <\/h5>\n                                                      <div class=\"art-el-suptitle mb-15\">\n                  \t<span >\n\t\t        \t\tParis (75)\t\t        \t<\/span>\n                  <\/div>\n                                  <\/div>\n                <div class=\"art-right-side\">\n                                    <span class=\"art-date\">\n                  \t<span >\n\t\t        \t\tnov 2010 - jun 2013\t\t        \t<\/span>\n                  <\/span>\n                                  <\/div>\n              <\/div>\n                            <div class=\"art-el-description\">\n              \t<div >\n\t        \t\t<p>Bachelor Degree in Computer Sciences with mention \"Bien\"<\/p>\t        \t<\/div>\n\t          <\/div>\n                                                        <a  data-magnific-gallery data-elementor-lightbox-slideshow=\"reviews\" data-no-swup href=\"https:\/\/heur.fr\/wp-content\/uploads\/2020\/11\/Licence.png\" class=\"art-link art-color-link art-w-chevron\">\n                                                        \t<span >\n\t        \t\tLicence\t        \t<\/span>\n              <\/a>\n                          <\/div>\n\n                      <\/div>\n                    <div class=\"art-timeline-item\">\n            <div class=\"art-timeline-mark-light\"><\/div>\n            <div class=\"art-timeline-mark\"><\/div>\n\n            <div class=\"art-a art-timeline-content\">\n              <div class=\"art-card-header\">\n                <div class=\"art-left-side\">\n                                    <h5>\n                  \t<span >\n\t\t        \t\tLyc\u00e9e Henri IV\t\t        \t<\/span>\n                  <\/h5>\n                                                      <div class=\"art-el-suptitle mb-15\">\n                  \t<span >\n\t\t        \t\tParis (75)\t\t        \t<\/span>\n                  <\/div>\n                                  <\/div>\n                <div class=\"art-right-side\">\n                                    <span class=\"art-date\">\n                  \t<span >\n\t\t        \t\tsep 2010 - nov 2010\t\t        \t<\/span>\n                  <\/span>\n                                  <\/div>\n              <\/div>\n                            <div class=\"art-el-description\">\n              \t<div >\n\t        \t\t<p>CPGE MPSI - Attended for three months before redirection to computer science<\/p>\t        \t<\/div>\n\t          <\/div>\n                                        <\/div>\n\n                      <\/div>\n                    <div class=\"art-timeline-item\">\n            <div class=\"art-timeline-mark-light\"><\/div>\n            <div class=\"art-timeline-mark\"><\/div>\n\n            <div class=\"art-a art-timeline-content\">\n              <div class=\"art-card-header\">\n                <div class=\"art-left-side\">\n                                    <h5>\n                  \t<span >\n\t\t        \t\tLyc\u00e9e Jeanne d&#039;Albret\t\t        \t<\/span>\n                  <\/h5>\n                                                      <div class=\"art-el-suptitle mb-15\">\n                  \t<span >\n\t\t        \t\tSaint-Germain-en-Laye (78)\t\t        \t<\/span>\n                  <\/div>\n                                  <\/div>\n                <div class=\"art-right-side\">\n                                    <span class=\"art-date\">\n                  \t<span >\n\t\t        \t\tsep 2007 - jun 2010\t\t        \t<\/span>\n                  <\/span>\n                                  <\/div>\n              <\/div>\n                            <div class=\"art-el-description\">\n              \t<div >\n\t        \t\t<p>Science baccalaureate with mention \"Bien\", maths speciality<\/p>\t        \t<\/div>\n\t          <\/div>\n                                                        <a  data-magnific-gallery data-elementor-lightbox-slideshow=\"reviews\" data-no-swup href=\"https:\/\/heur.fr\/wp-content\/plugins\/elementor\/assets\/images\/placeholder.png\" class=\"art-link art-color-link art-w-chevron\">\n                                                        \t<span >\n\t        \t\tBaccaulaureate\t        \t<\/span>\n              <\/a>\n                          <\/div>\n\n                      <\/div>\n                            <\/div>\n        <!-- timeline end -->\n\n\t\t\t\t<\/div>\n\t\t\t\t<\/div>\n\t\t\t\t\t\t<\/div>\n\t\t\t\t\t<\/div>\n\t\t<\/div>\n\t\t\t\t\t\t\t\t<\/div>\n\t\t\t\t\t<\/div>\n\t\t<\/section>\n\t\t\t\t\t\t<\/div>\n\t\t\t\t\t\t<\/div>\n\t\t\t\t\t<\/div>\n\t\t","protected":false},"excerpt":{"rendered":"<p>Education ENJMIN Ecole Nationale des Jeux et M\u00e9dias Interactifs Angoul\u00eame (16) sep 2019 &#8211; apr 2021 Master JMIN in Game&#8230; <\/p>\n<div class=\"art-el-more\"><a href=\"https:\/\/heur.fr\/index.php\/history\/\" class=\"art-link art-color-link art-w-chevron\">Read more<\/a><\/div>\n","protected":false},"author":1,"featured_media":0,"parent":0,"menu_order":0,"comment_status":"closed","ping_status":"closed","template":"template-layout-builder.php","meta":[],"categories":[],"tags":[],"yoast_head":"<!-- This site is optimized with the Yoast SEO plugin v15.3 - https:\/\/yoast.com\/wordpress\/plugins\/seo\/ -->\n<title>History | Pierre-Henri Heurt\u00e9<\/title>\n<meta name=\"robots\" content=\"index, follow, max-snippet:-1, max-image-preview:large, max-video-preview:-1\" \/>\n<link rel=\"canonical\" href=\"https:\/\/heur.fr\/index.php\/history\/\" \/>\n<meta property=\"og:locale\" content=\"fr_FR\" \/>\n<meta property=\"og:type\" content=\"article\" \/>\n<meta property=\"og:title\" content=\"History | Pierre-Henri Heurt\u00e9\" \/>\n<meta property=\"og:description\" content=\"Education ENJMIN Ecole Nationale des Jeux et M\u00e9dias Interactifs Angoul\u00eame (16) sep 2019 &#8211; apr 2021 Master JMIN in Game... Read more\" \/>\n<meta property=\"og:url\" content=\"https:\/\/heur.fr\/index.php\/history\/\" \/>\n<meta property=\"og:site_name\" content=\"Pierre-Henri Heurt\u00e9\" \/>\n<meta property=\"article:modified_time\" content=\"2023-10-21T18:37:43+00:00\" \/>\n<meta name=\"twitter:card\" content=\"summary_large_image\" \/>\n<meta name=\"twitter:label1\" content=\"\u00c9crit par\">\n\t<meta name=\"twitter:data1\" content=\"HeuR\">\n\t<meta name=\"twitter:label2\" content=\"Dur\u00e9e de lecture est.\">\n\t<meta name=\"twitter:data2\" content=\"0 minute\">\n<script type=\"application\/ld+json\" class=\"yoast-schema-graph\">{\"@context\":\"https:\/\/schema.org\",\"@graph\":[{\"@type\":\"WebSite\",\"@id\":\"https:\/\/heur.fr\/#website\",\"url\":\"https:\/\/heur.fr\/\",\"name\":\"Pierre-Henri Heurt\\u00e9\",\"description\":\"Game Designer\",\"potentialAction\":[{\"@type\":\"SearchAction\",\"target\":\"https:\/\/heur.fr\/?s={search_term_string}\",\"query-input\":\"required name=search_term_string\"}],\"inLanguage\":\"fr-FR\"},{\"@type\":\"WebPage\",\"@id\":\"https:\/\/heur.fr\/index.php\/history\/#webpage\",\"url\":\"https:\/\/heur.fr\/index.php\/history\/\",\"name\":\"History | Pierre-Henri Heurt\\u00e9\",\"isPartOf\":{\"@id\":\"https:\/\/heur.fr\/#website\"},\"datePublished\":\"2020-09-24T13:23:29+00:00\",\"dateModified\":\"2023-10-21T18:37:43+00:00\",\"inLanguage\":\"fr-FR\",\"potentialAction\":[{\"@type\":\"ReadAction\",\"target\":[\"https:\/\/heur.fr\/index.php\/history\/\"]}]}]}<\/script>\n<!-- \/ Yoast SEO plugin. -->","_links":{"self":[{"href":"https:\/\/heur.fr\/index.php\/wp-json\/wp\/v2\/pages\/555"}],"collection":[{"href":"https:\/\/heur.fr\/index.php\/wp-json\/wp\/v2\/pages"}],"about":[{"href":"https:\/\/heur.fr\/index.php\/wp-json\/wp\/v2\/types\/page"}],"author":[{"embeddable":true,"href":"https:\/\/heur.fr\/index.php\/wp-json\/wp\/v2\/users\/1"}],"replies":[{"embeddable":true,"href":"https:\/\/heur.fr\/index.php\/wp-json\/wp\/v2\/comments?post=555"}],"version-history":[{"count":15,"href":"https:\/\/heur.fr\/index.php\/wp-json\/wp\/v2\/pages\/555\/revisions"}],"predecessor-version":[{"id":1414,"href":"https:\/\/heur.fr\/index.php\/wp-json\/wp\/v2\/pages\/555\/revisions\/1414"}],"wp:attachment":[{"href":"https:\/\/heur.fr\/index.php\/wp-json\/wp\/v2\/media?parent=555"}],"wp:term":[{"taxonomy":"category","embeddable":true,"href":"https:\/\/heur.fr\/index.php\/wp-json\/wp\/v2\/categories?post=555"},{"taxonomy":"post_tag","embeddable":true,"href":"https:\/\/heur.fr\/index.php\/wp-json\/wp\/v2\/tags?post=555"}],"curies":[{"name":"wp","href":"https:\/\/api.w.org\/{rel}","templated":true}]}}